{"id":41,"date":"2025-07-10T16:06:07","date_gmt":"2025-07-10T16:06:07","guid":{"rendered":"https:\/\/rzeczoznawca-opole.pl\/?page_id=41"},"modified":"2025-07-16T11:39:58","modified_gmt":"2025-07-16T11:39:58","slug":"strona-glowna","status":"publish","type":"page","link":"https:\/\/rzeczoznawca-opole.pl\/","title":{"rendered":"Rzeczoznawca Samochodowy Opole"},"content":{"rendered":"\n    \n    <section class=\"skrollable u-clearfix u-image u-parallax u-shading u-valign-top-lg u-valign-top-md u-valign-top-sm u-valign-top-xs u-section-2\" id=\"block-1\" data-image-width=\"1200\" data-image-height=\"861\" style=\"background-image: linear-gradient(rgba(0, 0, 0, 0.25), rgba(0, 0, 0, 0.25)), url(&quot;https:\/\/rzeczoznawca-opole.pl\/wp-content\/uploads\/2025\/07\/jamie-dacus-527055-unsplash.jpg&quot;);\">\n      <div class=\"u-clearfix u-sheet u-sheet-1\">\n        <h1 class=\"u-align-center u-custom-font u-font-merriweather u-text u-text-1\" data-animation-name=\"customAnimationIn\" data-animation-duration=\"1000\" data-animation-delay=\"0\" data-animation-out=\"0\"> \"Prawdziwa wiedza to znajomo\u015b\u0107 przyczyn.\" <\/h1>\n        <h1 class=\"u-align-center u-custom-font u-font-merriweather u-text u-text-default-lg u-text-default-xl u-text-2\" data-animation-name=\"customAnimationIn\" data-animation-duration=\"1000\" data-animation-delay=\"0\" data-animation-out=\"0\"> Francis Bacon <\/h1>\n        <div class=\"u-align-left u-container-align-left u-container-style u-custom-color-6 u-expanded-width-md u-expanded-width-sm u-expanded-width-xs u-group u-radius u-shape-round u-group-1\" data-animation-name=\"customAnimationIn\" data-animation-duration=\"1000\" data-animation-delay=\"0\" data-animation-out=\"0\">\n          <div class=\"u-container-layout u-valign-top u-container-layout-1\">\n            <p class=\"u-text u-text-default u-text-white u-text-3\"> Rzeczoznawca samochodowy mgr in\u017c. Mariusz Siemieniuk nr identyfikacyjny RS 000712 - wpisany na list\u0119&nbsp;<a class=\"nonblock u-active-none u-border-none u-btn u-button-link u-button-style u-hover-none u-none u-text-grey-5 u-btn-1\" href=\"https:\/\/mi.gov.pl\/\" target=\"_blank\">Ministra Infrastruktury<\/a>\n              <br>\n              <br>Posiadam licencj\u0119 rzeczoznawcy samochodowego nr 307 wydan\u0105 przez&nbsp;<a class=\"nonblock u-active-none u-border-none u-btn u-button-link u-button-style u-hover-none u-none u-text-grey-5 u-btn-2\" href=\"https:\/\/www.pzm.pl\/\" target=\"_blank\">Zarz\u0105d G\u0142\u00f3wny Polskiego Zwi\u0105zku Motorowego.<\/a>\n              <br>Posiadam certyfikat kompetencji rzeczoznawcy nr 034 wydany przez&nbsp;<a class=\"nonblock u-active-none u-border-none u-btn u-button-link u-button-style u-hover-none u-none u-text-grey-5 u-btn-3\" href=\"https:\/\/www.pzm.pl\/\" target=\"_blank\">Centrum Certyfikacji Rzeczoznawc\u00f3w Polskiego Zwi\u0105zku Motorowego.<\/a>\n              <br>\n              <br>Jestem bieg\u0142ym s\u0105dowym przy&nbsp;<a class=\"nonblock u-active-none u-border-none u-btn u-button-link u-button-style u-hover-none u-none u-text-grey-5 u-btn-4\" href=\"http:\/\/www.opole.so.gov.pl\/\" target=\"_blank\">S\u0105dzie Okr\u0119gowym w Opolu.<\/a>\n              <br>\n            <\/p>\n          <\/div>\n        <\/div>\n      <\/div>\n    <\/section>\n    <section class=\"skrollable u-clearfix u-image u-parallax u-shading u-valign-top-lg u-valign-top-md u-valign-top-sm u-valign-top-xs u-section-3\" id=\"sec-aa85\" data-image-width=\"1200\" data-image-height=\"800\" style=\"background-image: linear-gradient(rgba(0, 0, 0, 0.25), rgba(0, 0, 0, 0.25)), url(&quot;https:\/\/rzeczoznawca-opole.pl\/wp-content\/uploads\/2025\/07\/courtney-prather-603208-unsplash.jpg&quot;);\">\n      <div class=\"u-clearfix u-sheet u-sheet-1\">\n        <h2 class=\"u-align-center u-custom-font u-font-merriweather u-text u-text-default u-text-1\" data-animation-name=\"customAnimationIn\" data-animation-duration=\"1000\" data-animation-delay=\"0\" data-animation-out=\"0\">&nbsp;Pojazdy zabytkowe&nbsp;<\/h2>\n        <div class=\"u-align-justify u-container-align-left u-container-style u-expanded-width-xs u-group u-radius u-shading u-shape-round u-group-1\" data-animation-name=\"customAnimationIn\" data-animation-duration=\"1000\" data-animation-delay=\"0\" data-animation-out=\"0\">\n          <div class=\"u-container-layout u-valign-top u-container-layout-1\">\n            <p class=\"u-text u-text-default u-text-white u-text-2\"> Dokumentacja zawiera opini\u0119 techniczn\u0105 z okre\u015bleniem oryginalno\u015bci pojazdu, okresu i wielko\u015bci produkcji oraz kart\u0119 ewidencyjn\u0105 ruchomego zabytku techniki (tzw. \"bia\u0142a karta\") dla potrzeb Wojew\u00f3dzkiego Konserwatora Zabytk\u00f3w, a tak\u017ce wniosek o dokonanie badania technicznego z opisem technicznym i dokumentacj\u0119 fotograficzn\u0105 dla potrzeb Stacji Kontroli Pojazd\u00f3w.&nbsp;Opinia mo\u017ce te\u017c dotyczy\u0107 ustalenia mo\u017cliwo\u015bci ponownej rejestracji pojazd\u00f3w wyrejestrowanych.<\/p>\n          <\/div>\n        <\/div>\n      <\/div>\n    <\/section>\n    <section class=\"skrollable u-clearfix u-image u-parallax u-shading u-valign-top-lg u-valign-top-md u-valign-top-sm u-valign-top-xs u-section-4\" id=\"sec-7a27\" data-image-width=\"1200\" data-image-height=\"1560\" style=\"background-image: linear-gradient(rgba(0, 0, 0, 0.25), rgba(0, 0, 0, 0.25)), url(&quot;https:\/\/rzeczoznawca-opole.pl\/wp-content\/uploads\/2025\/07\/attentie-attentie-659568-unsplash.jpg&quot;);\">\n      <div class=\"u-clearfix u-sheet u-sheet-1\">\n        <h2 class=\"u-align-center u-custom-font u-font-merriweather u-text u-text-default u-text-1\" data-animation-name=\"customAnimationIn\" data-animation-duration=\"1000\" data-animation-delay=\"0\" data-animation-out=\"0\">&nbsp;Wycena i opinie&nbsp;<\/h2>\n        <div class=\"u-align-justify u-container-style u-expanded-width-xs u-group u-radius u-shading u-shape-round u-group-1\" data-animation-name=\"customAnimationIn\" data-animation-duration=\"1000\" data-animation-delay=\"0\" data-animation-out=\"0\">\n          <div class=\"u-container-layout u-valign-top u-container-layout-1\">\n            <ul class=\"u-text u-text-default u-text-white u-text-2\">\n              <li> Wycena warto\u015bci pojazd\u00f3w: <\/li>\n            <\/ul>\n            <p class=\"u-text u-text-default u-text-3\"> Wyceny warto\u015bci pojazd\u00f3w ca\u0142ych, uszkodzonych lub pozosta\u0142o\u015bci pojazd\u00f3w w oparciu o program INFO-EKSPERT, w tym r\u00f3wnie\u017c dla potrzeb urz\u0119d\u00f3w celnych i skarbowych, bank\u00f3w jak i funduszy leasingowych.<br>\n            <\/p>\n            <ul class=\"u-text u-text-default u-text-4\">\n              <li> Opis pola numerowego pojazd\u00f3w: <\/li>\n            <\/ul>\n            <p class=\"u-text u-text-default u-text-5\"> Opinie dotycz\u0105ce pojazd\u00f3w, w kt\u00f3rych:<\/p>\n            <p class=\"u-text u-text-default u-text-6\"> b\u0142\u0119dnie podano cechy identyfikacyjne:<br>cechy identyfikacyjne uleg\u0142y korozji b\u0105d\u017a uszkodzeniu. \n            <\/p>\n            <p class=\"u-text u-text-default u-text-7\"> Opinia wykonywana jest dla potrzeb Wydzia\u0142\u00f3w Komunikacji.<\/p>\n            <ul class=\"u-text u-text-default u-text-8\">\n              <li> Ustalenia danych technicznych pojazd\u00f3w: <\/li>\n            <\/ul>\n            <p class=\"u-text u-text-9\"> Opinie dotycz\u0105ce pojazd\u00f3w, w kt\u00f3rych dane techniczne zamieszczone w dowodzie rejestracyjnym s\u0105 b\u0142\u0119dne lub niepe\u0142ne.<br>\n              <br>Opinia wykonywana jest dla potrzeb Wydzia\u0142\u00f3w Komunikacji. \n            <\/p>\n            <ul class=\"u-text u-text-10\">\n              <li> Ustalenia stanu technicznego pojazd\u00f3w lub zespo\u0142\u00f3w: <\/li>\n            <\/ul>\n            <p class=\"u-text u-text-11\"> Opinia mo\u017ce dotyczy\u0107 np. ustalenia przyczyn awarii, ustalenia prawid\u0142owo\u015bci wykonania napraw, pomiaru grubo\u015bci pow\u0142oki lakierniczej.<\/p>\n          <\/div>\n        <\/div>\n      <\/div>\n    <\/section>\n    <section class=\"skrollable u-clearfix u-image u-parallax u-shading u-valign-top-lg u-valign-top-md u-valign-top-sm u-valign-top-xs u-section-5\" id=\"sec-0d2d\" data-image-width=\"1200\" data-image-height=\"800\" style=\"background-image: linear-gradient(rgba(0, 0, 0, 0.25), rgba(0, 0, 0, 0.25)), url(&quot;https:\/\/rzeczoznawca-opole.pl\/wp-content\/uploads\/2025\/07\/jilbert-ebrahimi-33575-unsplash.jpg&quot;);\">\n      <div class=\"u-clearfix u-sheet u-sheet-1\">\n        <h2 class=\"u-align-center u-custom-font u-font-merriweather u-text u-text-default u-text-1\" data-animation-name=\"customAnimationIn\" data-animation-duration=\"1000\" data-animation-delay=\"0\" data-animation-out=\"0\"> Ocena pojazdu po wypadku&nbsp;<\/h2>\n        <div class=\"u-align-justify u-container-align-left u-container-style u-expanded-width-xs u-group u-radius u-shading u-shape-round u-group-1\" data-animation-name=\"customAnimationIn\" data-animation-duration=\"1000\" data-animation-delay=\"0\" data-animation-out=\"0\">\n          <div class=\"u-container-layout u-valign-top u-container-layout-1\">\n            <p class=\"u-text u-text-default u-text-white u-text-2\"> W zale\u017cno\u015bci od zlecenia opinia mo\u017ce zawiera\u0107:&nbsp;<\/p>\n            <ul class=\"u-text u-text-default u-text-white u-text-3\">\n              <li> opis zakresu uszkodze\u0144 pojazdu:<\/li>\n              <li> kalkulacj\u0119 koszt\u00f3w naprawy w oparciu o program AUDATEX, na \u017cyczenie klienta istnieje te\u017c mo\u017cliwo\u015b\u0107 wykonania kalkulacji w oparciu o cz\u0119\u015bci nieoryginalne (tzw. zamienniki). <\/li>\n              <li> ustalenie ubytku warto\u015bci rynkowej pojazdu po wypadku. <\/li>\n            <\/ul>\n          <\/div>\n        <\/div>\n      <\/div>\n    <\/section>\n    <section class=\"skrollable u-clearfix u-image u-parallax u-shading u-valign-top-lg u-valign-top-md u-valign-top-sm u-valign-top-xs u-section-6\" id=\"sec-ff6e\" data-image-width=\"1200\" data-image-height=\"800\" style=\"background-image: linear-gradient(rgba(0, 0, 0, 0.25), rgba(0, 0, 0, 0.25)), url(&quot;https:\/\/rzeczoznawca-opole.pl\/wp-content\/uploads\/2025\/07\/pablo-martinez-575372-unsplash.jpg&quot;);\">\n      <div class=\"u-clearfix u-sheet u-valign-middle u-sheet-1\">\n        <h2 class=\"u-align-center u-custom-font u-font-merriweather u-text u-text-default u-text-1\" data-animation-name=\"customAnimationIn\" data-animation-duration=\"1000\" data-animation-delay=\"0\" data-animation-out=\"0\"> Kontakt&nbsp;<\/h2>\n        <div class=\"u-container-style u-custom-color-5 u-group u-radius u-shape-round u-group-1\" data-animation-name=\"customAnimationIn\" data-animation-duration=\"1000\" data-animation-delay=\"0\" data-animation-out=\"0\">\n          <div class=\"u-container-layout u-valign-bottom-xl u-valign-top-lg u-valign-top-md u-valign-top-sm u-valign-top-xs u-container-layout-1\">\n            <h3 class=\"u-align-center u-custom-font u-font-merriweather u-text u-text-default u-text-white u-text-2\"> Rzeczoznawca samochodowy&nbsp;<br>mgr in\u017c. Mariusz Siemieniuk \n            <\/h3>\n            <p class=\"u-align-justify u-text u-text-white u-text-3\"> Nr identyfikacyjny RS 000712 - wpisany na list\u0119&nbsp;<a class=\"nonblock u-active-none u-border-none u-btn u-button-link u-button-style u-hover-none u-none u-text-grey-5 u-btn-1\" href=\"https:\/\/mi.gov.pl\/\" target=\"_blank\">Ministra Infrastruktury<\/a>\n              <br>Licencja rzeczoznawcy samochodowego nr 307<br>&nbsp; &nbsp; wydan\u0105 przez&nbsp;<a class=\"nonblock u-active-none u-border-none u-btn u-button-link u-button-style u-hover-none u-none u-text-grey-5 u-btn-2\" href=\"https:\/\/www.pzm.pl\/\" target=\"_blank\">Zarz\u0105d G\u0142\u00f3wny Polskiego Zwi\u0105zku Motorowego.<\/a>\n              <br>Certyfikat kompetencji rzeczoznawcy nr 034<br>&nbsp; &nbsp;wydany przez&nbsp;<a class=\"nonblock u-active-none u-border-none u-btn u-button-link u-button-style u-hover-none u-none u-text-grey-5 u-btn-3\" href=\"https:\/\/www.pzm.pl\/\" target=\"_blank\">Centrum Certyfikacji Rzeczoznawc\u00f3w Polskiego Zwi\u0105zku Motorowego.<\/a>\n              <br>Jestem bieg\u0142ym s\u0105dowym przy&nbsp;<a class=\"nonblock u-active-none u-border-none u-btn u-button-link u-button-style u-hover-none u-none u-text-grey-5 u-btn-4\" href=\"http:\/\/www.opole.so.gov.pl\/\" target=\"_blank\">S\u0105dzie Okr\u0119gowym w Opolu.<\/a>\n            <\/p>\n            <a href=\"tel:607159570\" class=\"u-active-none u-btn u-btn-rectangle u-button-style u-hover-none u-none u-btn-5\"><span class=\"u-icon u-icon-1\"><svg class=\"u-svg-content\" viewBox=\"0 0 405.333 405.333\" x=\"0px\" y=\"0px\" style=\"width: 1em; height: 1em;\"><path d=\"M373.333,266.88c-25.003,0-49.493-3.904-72.704-11.563c-11.328-3.904-24.192-0.896-31.637,6.699l-46.016,34.752    c-52.8-28.181-86.592-61.952-114.389-114.368l33.813-44.928c8.512-8.512,11.563-20.971,7.915-32.64    C142.592,81.472,138.667,56.96,138.667,32c0-17.643-14.357-32-32-32H32C14.357,0,0,14.357,0,32    c0,205.845,167.488,373.333,373.333,373.333c17.643,0,32-14.357,32-32V298.88C405.333,281.237,390.976,266.88,373.333,266.88z\"><\/path><\/svg><\/span>&nbsp;+48 \u200b607 159 570 \n            <\/a>\n            <a href=\"mailto:mariusz.siemieniuk@rzeczoznawca-opole.pl?subject=zapytanie%20ze%20strony\" class=\"u-active-none u-btn u-btn-rectangle u-button-style u-hover-none u-none u-btn-6\"><span class=\"u-file-icon u-icon u-text-white u-icon-2\"><img decoding=\"async\" src=\"https:\/\/rzeczoznawca-opole.pl\/wp-content\/uploads\/2025\/07\/a85e65c4.png\" alt=\"\"><\/span>mariusz.siemieniuk@rzeczoznawca-opole.pl \n            <\/a>\n            <div class=\"u-form u-form-1\">\n                      <script>\n            function onSuccess(event) {\n                if (typeof window.serviceRequest !== 'undefined') {\n                    window.serviceRequest(jQuery(this).find('form'));\n                }\n                var msgContainer = jQuery(event.currentTarget).find('.wpcf7-response-output');\n                msgContainer.removeClass('u-form-send-error').addClass('u-form-send-message u-form-send-success');\n                msgContainer.show();\n                var redirectAddress = jQuery(event.currentTarget).find('[redirect-address]').attr('redirect-address');\n                if (redirectAddress) {\n                    setTimeout(function () {\n                        location.replace(redirectAddress);\n                    }, 2000);\n                }\n            }\n            function onError(event) {\n                var msgContainer = jQuery(event.currentTarget).find('.wpcf7-response-output');\n                msgContainer.removeClass('u-form-send-success').addClass('u-form-send-message u-form-send-error');\n                msgContainer.show();\n            }\n\n            jQuery('body')\n                .on('wpcf7mailsent',   '.u-form .wpcf7', onSuccess)\n                .on('wpcf7invalid',    '.u-form .wpcf7', onError)\n                .on('wpcf7:unaccepted', '.u-form .wpcf7', onError)\n                .on('wpcf7spam',       '.u-form .wpcf7', onError)\n                .on('wpcf7:aborted',    '.u-form .wpcf7', onError)\n                .on('wpcf7mailfailed', '.u-form .wpcf7', onError);\n        <\/script>\n        <style>\n            .u-form .wpcf7-response-output {\n                \/*position: relative !important;*\/\n                margin: 0 !important;\n                bottom: -70px!important;\n            }\n            .u-form .wpcf7 .ajax-loader {\n                margin-left: -24px;\n                margin-right: 0;\n            }\n        <\/style>\n\n<div class=\"wpcf7 no-js\" id=\"wpcf7-f74-o1\" lang=\"pl-PL\" dir=\"ltr\" data-wpcf7-id=\"74\">\n<div class=\"screen-reader-response\"><p role=\"status\" aria-live=\"polite\" aria-atomic=\"true\"><\/p> <ul><\/ul><\/div>\n<form style=\"padding: 10px;\" action=\"\/index.php?rest_route=%2Fwp%2Fv2%2Fpages%2F41#wpcf7-f74-o1\" method=\"post\" class=\"wpcf7-form init u-clearfix u-form-spacing-10 u-form-vertical u-inner-form u-form-custom-backend\" aria-label=\"Formularz kontaktowy\" novalidate=\"novalidate\" data-status=\"init\">\n<fieldset class=\"hidden-fields-container\"><input type=\"hidden\" name=\"_wpcf7\" value=\"74\" \/><input type=\"hidden\" name=\"_wpcf7_version\" value=\"6.1\" \/><input type=\"hidden\" name=\"_wpcf7_locale\" value=\"pl_PL\" \/><input type=\"hidden\" name=\"_wpcf7_unit_tag\" value=\"wpcf7-f74-o1\" \/><input type=\"hidden\" name=\"_wpcf7_container_post\" value=\"0\" \/><input type=\"hidden\" name=\"_wpcf7_posted_data_hash\" value=\"\" \/><input type=\"hidden\" name=\"_wpcf7_recaptcha_response\" value=\"\" \/>\n<\/fieldset>\n\n                <div class=\"u-form-group wpcf7-form-control-wrap u-form-name\">\n                  <label for=\"name-388d\" class=\"u-label\">Nazwa<\/label>\n                  <input type=\"text\" placeholder=\"Wprowad\u017a swoje imi\u0119\" id=\"name-388d\" name=\"name1\" class=\"u-input wpcf7-form-control u-input-rectangle\" required=\"\">\n                <\/div>\n                <div class=\"u-form-email u-form-group wpcf7-form-control-wrap\">\n                  <label for=\"email-388d\" class=\"u-label\">E-mail<\/label>\n                  <input type=\"email\" placeholder=\"Wprowad\u017a prawid\u0142owy adres e-mail\" id=\"email-388d\" name=\"email\" class=\"u-input wpcf7-form-control u-input-rectangle\" required=\"\">\n                <\/div>\n                <div class=\"u-form-group wpcf7-form-control-wrap u-form-message\">\n                  <label for=\"message-388d\" class=\"u-label\">Wiadomo\u015b\u0107<\/label>\n                  <textarea placeholder=\"Wprowad\u017a swoj\u0105 wiadomo\u015b\u0107\" rows=\"4\" cols=\"50\" id=\"message-388d\" name=\"message\" class=\"u-input wpcf7-form-control u-input-rectangle\" required=\"\"><\/textarea>\n                <\/div>\n                <div class=\"u-align-right u-form-group wpcf7-form-control-wrap u-form-submit wpcf7-form-control\">\n                  <a href=\"#\" class=\"u-btn u-btn-submit wpcf7-submit u-button-style u-custom-color-7 u-custom-font u-font-roboto-condensed u-btn-7\">Wy\u015blij<\/a>\n                  <input type=\"submit\" value=\"submit\" class=\"u-form-control-hidden\">\n                <\/div>\n                <div class=\"u-form-send-message u-form-send-success\"> Dzi\u0119kujemy! Twoja wiadomo\u015b\u0107 zosta\u0142a wys\u0142ana! <\/div>\n                <div class=\"u-form-send-error u-form-send-message\"> Przepraszamy, wiadomo\u015b\u0107 nie mog\u0142a zosta\u0107 wys\u0142ana. Popraw b\u0142\u0119dy i spr\u00f3buj ponownie. <\/div>\n                <input type=\"hidden\" value=\"\" name=\"recaptchaResponse\">\n              <input type=\"hidden\" name=\"_contact7_backend\" value=\"1\"><div class=\"wpcf7-response-output\" aria-hidden=\"true\"><\/div>\n<\/form>\n<\/div>\n\n            <\/div>\n          <\/div>\n        <\/div>\n      <\/div>\n    <\/section>\n    \n    \n    \n  \n","protected":false},"excerpt":{"rendered":"<p>&#8222;Prawdziwa wiedza to znajomo\u015b\u0107 przyczyn.&#8221; Francis Bacon Rzeczoznawca samochodowy mgr in\u017c. Mariusz Siemieniuk nr identyfikacyjny RS 000712 &#8211; wpisany na list\u0119&nbsp;Ministra Infrastruktury Posiadam licencj\u0119 rzeczoznawcy samochodowego nr 307 wydan\u0105 przez&nbsp;Zarz\u0105d G\u0142\u00f3wny Polskiego Zwi\u0105zku Motorowego. Posiadam certyfikat kompetencji rzeczoznawcy nr 034 wydany przez&nbsp;Centrum Certyfikacji Rzeczoznawc\u00f3w Polskiego Zwi\u0105zku Motorowego. Jestem bieg\u0142ym s\u0105dowym przy&nbsp;S\u0105dzie Okr\u0119gowym w Opolu. &nbsp;Pojazdy &hellip; <a href=\"https:\/\/rzeczoznawca-opole.pl\/\" class=\"more-link\">Continue reading<span class=\"screen-reader-text\"> &#8222;Rzeczoznawca Samochodowy Opole&#8221;<\/span><\/a><\/p>\n","protected":false},"author":1,"featured_media":0,"parent":0,"menu_order":2,"comment_status":"closed","ping_status":"closed","template":"","meta":{"footnotes":""},"class_list":["post-41","page","type-page","status-publish","hentry"],"yoast_head":"<!-- This site is optimized with the Yoast SEO plugin v25.5 - https:\/\/yoast.com\/wordpress\/plugins\/seo\/ -->\n<title>Rzeczoznawca Samochodowy Opole - Rzeczoznawca Samochodowy Opole Mariusz Siemieniuk<\/title>\n<meta name=\"robots\" content=\"index, follow, max-snippet:-1, max-image-preview:large, max-video-preview:-1\" \/>\n<link rel=\"canonical\" href=\"https:\/\/rzeczoznawca-opole.pl\/\" \/>\n<meta property=\"og:locale\" content=\"pl_PL\" \/>\n<meta property=\"og:type\" content=\"article\" \/>\n<meta property=\"og:title\" content=\"Rzeczoznawca Samochodowy Opole - Rzeczoznawca Samochodowy Opole Mariusz Siemieniuk\" \/>\n<meta property=\"og:description\" content=\"&quot;Prawdziwa wiedza to znajomo\u015b\u0107 przyczyn.&quot; Francis Bacon Rzeczoznawca samochodowy mgr in\u017c. Mariusz Siemieniuk nr identyfikacyjny RS 000712 - wpisany na list\u0119&nbsp;Ministra Infrastruktury Posiadam licencj\u0119 rzeczoznawcy samochodowego nr 307 wydan\u0105 przez&nbsp;Zarz\u0105d G\u0142\u00f3wny Polskiego Zwi\u0105zku Motorowego. Posiadam certyfikat kompetencji rzeczoznawcy nr 034 wydany przez&nbsp;Centrum Certyfikacji Rzeczoznawc\u00f3w Polskiego Zwi\u0105zku Motorowego. Jestem bieg\u0142ym s\u0105dowym przy&nbsp;S\u0105dzie Okr\u0119gowym w Opolu. &nbsp;Pojazdy &hellip; Continue reading &quot;Rzeczoznawca Samochodowy Opole&quot;\" \/>\n<meta property=\"og:url\" content=\"https:\/\/rzeczoznawca-opole.pl\/\" \/>\n<meta property=\"og:site_name\" content=\"Rzeczoznawca Samochodowy Opole Mariusz Siemieniuk\" \/>\n<meta property=\"article:modified_time\" content=\"2025-07-16T11:39:58+00:00\" \/>\n<meta name=\"twitter:card\" content=\"summary_large_image\" \/>\n<meta name=\"twitter:label1\" content=\"Szacowany czas czytania\" \/>\n\t<meta name=\"twitter:data1\" content=\"3 minuty\" \/>\n<script type=\"application\/ld+json\" class=\"yoast-schema-graph\">{\"@context\":\"https:\/\/schema.org\",\"@graph\":[{\"@type\":\"WebPage\",\"@id\":\"https:\/\/rzeczoznawca-opole.pl\/\",\"url\":\"https:\/\/rzeczoznawca-opole.pl\/\",\"name\":\"Rzeczoznawca Samochodowy Opole - Rzeczoznawca Samochodowy Opole Mariusz Siemieniuk\",\"isPartOf\":{\"@id\":\"https:\/\/rzeczoznawca-opole.pl\/#website\"},\"datePublished\":\"2025-07-10T16:06:07+00:00\",\"dateModified\":\"2025-07-16T11:39:58+00:00\",\"breadcrumb\":{\"@id\":\"https:\/\/rzeczoznawca-opole.pl\/#breadcrumb\"},\"inLanguage\":\"pl-PL\",\"potentialAction\":[{\"@type\":\"ReadAction\",\"target\":[\"https:\/\/rzeczoznawca-opole.pl\/\"]}]},{\"@type\":\"BreadcrumbList\",\"@id\":\"https:\/\/rzeczoznawca-opole.pl\/#breadcrumb\",\"itemListElement\":[{\"@type\":\"ListItem\",\"position\":1,\"name\":\"Strona g\u0142\u00f3wna\",\"item\":\"https:\/\/rzeczoznawca-opole.pl\/\"},{\"@type\":\"ListItem\",\"position\":2,\"name\":\"Rzeczoznawca Samochodowy Opole\"}]},{\"@type\":\"WebSite\",\"@id\":\"https:\/\/rzeczoznawca-opole.pl\/#website\",\"url\":\"https:\/\/rzeczoznawca-opole.pl\/\",\"name\":\"Rzeczoznawca Samochodowy Opole Mariusz Siemieniuk\",\"description\":\"Just another WordPress site\",\"potentialAction\":[{\"@type\":\"SearchAction\",\"target\":{\"@type\":\"EntryPoint\",\"urlTemplate\":\"https:\/\/rzeczoznawca-opole.pl\/?s={search_term_string}\"},\"query-input\":{\"@type\":\"PropertyValueSpecification\",\"valueRequired\":true,\"valueName\":\"search_term_string\"}}],\"inLanguage\":\"pl-PL\"}]}<\/script>\n<!-- \/ Yoast SEO plugin. -->","yoast_head_json":{"title":"Rzeczoznawca Samochodowy Opole - Rzeczoznawca Samochodowy Opole Mariusz Siemieniuk","robots":{"index":"index","follow":"follow","max-snippet":"max-snippet:-1","max-image-preview":"max-image-preview:large","max-video-preview":"max-video-preview:-1"},"canonical":"https:\/\/rzeczoznawca-opole.pl\/","og_locale":"pl_PL","og_type":"article","og_title":"Rzeczoznawca Samochodowy Opole - Rzeczoznawca Samochodowy Opole Mariusz Siemieniuk","og_description":"\"Prawdziwa wiedza to znajomo\u015b\u0107 przyczyn.\" Francis Bacon Rzeczoznawca samochodowy mgr in\u017c. Mariusz Siemieniuk nr identyfikacyjny RS 000712 - wpisany na list\u0119&nbsp;Ministra Infrastruktury Posiadam licencj\u0119 rzeczoznawcy samochodowego nr 307 wydan\u0105 przez&nbsp;Zarz\u0105d G\u0142\u00f3wny Polskiego Zwi\u0105zku Motorowego. Posiadam certyfikat kompetencji rzeczoznawcy nr 034 wydany przez&nbsp;Centrum Certyfikacji Rzeczoznawc\u00f3w Polskiego Zwi\u0105zku Motorowego. Jestem bieg\u0142ym s\u0105dowym przy&nbsp;S\u0105dzie Okr\u0119gowym w Opolu. &nbsp;Pojazdy &hellip; Continue reading \"Rzeczoznawca Samochodowy Opole\"","og_url":"https:\/\/rzeczoznawca-opole.pl\/","og_site_name":"Rzeczoznawca Samochodowy Opole Mariusz Siemieniuk","article_modified_time":"2025-07-16T11:39:58+00:00","twitter_card":"summary_large_image","twitter_misc":{"Szacowany czas czytania":"3 minuty"},"schema":{"@context":"https:\/\/schema.org","@graph":[{"@type":"WebPage","@id":"https:\/\/rzeczoznawca-opole.pl\/","url":"https:\/\/rzeczoznawca-opole.pl\/","name":"Rzeczoznawca Samochodowy Opole - Rzeczoznawca Samochodowy Opole Mariusz Siemieniuk","isPartOf":{"@id":"https:\/\/rzeczoznawca-opole.pl\/#website"},"datePublished":"2025-07-10T16:06:07+00:00","dateModified":"2025-07-16T11:39:58+00:00","breadcrumb":{"@id":"https:\/\/rzeczoznawca-opole.pl\/#breadcrumb"},"inLanguage":"pl-PL","potentialAction":[{"@type":"ReadAction","target":["https:\/\/rzeczoznawca-opole.pl\/"]}]},{"@type":"BreadcrumbList","@id":"https:\/\/rzeczoznawca-opole.pl\/#breadcrumb","itemListElement":[{"@type":"ListItem","position":1,"name":"Strona g\u0142\u00f3wna","item":"https:\/\/rzeczoznawca-opole.pl\/"},{"@type":"ListItem","position":2,"name":"Rzeczoznawca Samochodowy Opole"}]},{"@type":"WebSite","@id":"https:\/\/rzeczoznawca-opole.pl\/#website","url":"https:\/\/rzeczoznawca-opole.pl\/","name":"Rzeczoznawca Samochodowy Opole Mariusz Siemieniuk","description":"Just another WordPress site","potentialAction":[{"@type":"SearchAction","target":{"@type":"EntryPoint","urlTemplate":"https:\/\/rzeczoznawca-opole.pl\/?s={search_term_string}"},"query-input":{"@type":"PropertyValueSpecification","valueRequired":true,"valueName":"search_term_string"}}],"inLanguage":"pl-PL"}]}},"_links":{"self":[{"href":"https:\/\/rzeczoznawca-opole.pl\/index.php?rest_route=\/wp\/v2\/pages\/41","targetHints":{"allow":["GET"]}}],"collection":[{"href":"https:\/\/rzeczoznawca-opole.pl\/index.php?rest_route=\/wp\/v2\/pages"}],"about":[{"href":"https:\/\/rzeczoznawca-opole.pl\/index.php?rest_route=\/wp\/v2\/types\/page"}],"author":[{"embeddable":true,"href":"https:\/\/rzeczoznawca-opole.pl\/index.php?rest_route=\/wp\/v2\/users\/1"}],"replies":[{"embeddable":true,"href":"https:\/\/rzeczoznawca-opole.pl\/index.php?rest_route=%2Fwp%2Fv2%2Fcomments&post=41"}],"version-history":[{"count":15,"href":"https:\/\/rzeczoznawca-opole.pl\/index.php?rest_route=\/wp\/v2\/pages\/41\/revisions"}],"predecessor-version":[{"id":76,"href":"https:\/\/rzeczoznawca-opole.pl\/index.php?rest_route=\/wp\/v2\/pages\/41\/revisions\/76"}],"wp:attachment":[{"href":"https:\/\/rzeczoznawca-opole.pl\/index.php?rest_route=%2Fwp%2Fv2%2Fmedia&parent=41"}],"curies":[{"name":"wp","href":"https:\/\/api.w.org\/{rel}","templated":true}]}}